{"id":53,"date":"2025-03-05T15:57:17","date_gmt":"2025-03-05T15:57:17","guid":{"rendered":"https:\/\/mediamarket-group.com\/?page_id=53"},"modified":"2025-03-06T19:56:58","modified_gmt":"2025-03-06T19:56:58","slug":"storia","status":"publish","type":"page","link":"https:\/\/mediamarket-group.com\/?page_id=53","title":{"rendered":"Storia"},"content":{"rendered":"\t\t<div data-elementor-type=\"wp-page\" data-elementor-id=\"53\" class=\"elementor elementor-53\" data-elementor-post-type=\"page\">\n\t\t\t\t<div class=\"elementor-element elementor-element-82a7cab e-flex e-con-boxed e-con e-parent\" data-id=\"82a7cab\" data-element_type=\"container\">\n\t\t\t\t\t<div class=\"e-con-inner\">\n\t\t\t\t<div class=\"elementor-element elementor-element-2175c7c elementor-widget elementor-widget-image\" data-id=\"2175c7c\" data-element_type=\"widget\" data-widget_type=\"image.default\">\n\t\t\t\t<div class=\"elementor-widget-container\">\n\t\t\t\t\t\t\t\t\t\t\t\t\t\t\t\t<a href=\"https:\/\/mediamarket-group.com\/?page_id=7\">\n\t\t\t\t\t\t\t<img fetchpriority=\"high\" decoding=\"async\" width=\"1024\" height=\"341\" src=\"https:\/\/mediamarket-group.com\/wp-content\/uploads\/2025\/03\/Copy-of-TradeFLOW-Turkish-1-1024x341.png\" class=\"attachment-large size-large wp-image-124\" alt=\"\" srcset=\"https:\/\/mediamarket-group.com\/wp-content\/uploads\/2025\/03\/Copy-of-TradeFLOW-Turkish-1-1024x341.png 1024w, https:\/\/mediamarket-group.com\/wp-content\/uploads\/2025\/03\/Copy-of-TradeFLOW-Turkish-1-300x100.png 300w, https:\/\/mediamarket-group.com\/wp-content\/uploads\/2025\/03\/Copy-of-TradeFLOW-Turkish-1-768x255.png 768w, https:\/\/mediamarket-group.com\/wp-content\/uploads\/2025\/03\/Copy-of-TradeFLOW-Turkish-1-1536x511.png 1536w, https:\/\/mediamarket-group.com\/wp-content\/uploads\/2025\/03\/Copy-of-TradeFLOW-Turkish-1.png 1837w\" sizes=\"(max-width: 1024px) 100vw, 1024px\" \/>\t\t\t\t\t\t\t\t<\/a>\n\t\t\t\t\t\t\t\t\t\t\t\t\t\t\t<\/div>\n\t\t\t\t<\/div>\n\t\t\t\t\t<\/div>\n\t\t\t\t<\/div>\n\t\t<div class=\"elementor-element elementor-element-3d7392f9 e-con-full e-flex e-con e-parent\" data-id=\"3d7392f9\" data-element_type=\"container\">\n\t\t<div class=\"elementor-element elementor-element-2e2d32f0 e-con-full elementor-hidden-tablet e-flex e-con e-child\" data-id=\"2e2d32f0\" data-element_type=\"container\" data-settings=\"{&quot;background_background&quot;:&quot;classic&quot;}\">\n\t\t\t\t<div class=\"elementor-element elementor-element-69639c56 elementor-widget elementor-widget-image\" data-id=\"69639c56\" data-element_type=\"widget\" data-widget_type=\"image.default\">\n\t\t\t\t<div class=\"elementor-widget-container\">\n\t\t\t\t\t\t\t\t\t\t\t\t\t\t\t<img decoding=\"async\" width=\"768\" height=\"1024\" src=\"https:\/\/mediamarket-group.com\/wp-content\/uploads\/2025\/03\/IMG_4955-scaled-1-768x1024.jpeg\" class=\"attachment-large size-large wp-image-56\" alt=\"\" srcset=\"https:\/\/mediamarket-group.com\/wp-content\/uploads\/2025\/03\/IMG_4955-scaled-1-768x1024.jpeg 768w, https:\/\/mediamarket-group.com\/wp-content\/uploads\/2025\/03\/IMG_4955-scaled-1-225x300.jpeg 225w, https:\/\/mediamarket-group.com\/wp-content\/uploads\/2025\/03\/IMG_4955-scaled-1-1152x1536.jpeg 1152w, https:\/\/mediamarket-group.com\/wp-content\/uploads\/2025\/03\/IMG_4955-scaled-1-1536x2048.jpeg 1536w, https:\/\/mediamarket-group.com\/wp-content\/uploads\/2025\/03\/IMG_4955-scaled-1.jpeg 1920w\" sizes=\"(max-width: 768px) 100vw, 768px\" \/>\t\t\t\t\t\t\t\t\t\t\t\t\t\t\t<\/div>\n\t\t\t\t<\/div>\n\t\t\t\t<\/div>\n\t\t<div class=\"elementor-element elementor-element-f563eab e-flex e-con-boxed e-con e-child\" data-id=\"f563eab\" data-element_type=\"container\">\n\t\t\t\t\t<div class=\"e-con-inner\">\n\t\t\t\t<div class=\"elementor-element elementor-element-40f03aae elementor-hidden-desktop elementor-hidden-tablet elementor-hidden-mobile elementor-widget elementor-widget-heading\" data-id=\"40f03aae\" data-element_type=\"widget\" data-widget_type=\"heading.default\">\n\t\t\t\t<div class=\"elementor-widget-container\">\n\t\t\t\t\t<h6 class=\"elementor-heading-title elementor-size-default\">...<\/h6>\t\t\t\t<\/div>\n\t\t\t\t<\/div>\n\t\t\t\t<div class=\"elementor-element elementor-element-4bebea35 elementor-widget elementor-widget-heading\" data-id=\"4bebea35\" data-element_type=\"widget\" data-widget_type=\"heading.default\">\n\t\t\t\t<div class=\"elementor-widget-container\">\n\t\t\t\t\t<h1 class=\"elementor-heading-title elementor-size-default\">LA NOSTRA STORIA<\/h1>\t\t\t\t<\/div>\n\t\t\t\t<\/div>\n\t\t\t\t<div class=\"elementor-element elementor-element-1c9a2162 elementor-invisible elementor-widget elementor-widget-text-editor\" data-id=\"1c9a2162\" data-element_type=\"widget\" data-settings=\"{&quot;_animation&quot;:&quot;fadeIn&quot;,&quot;_animation_delay&quot;:400}\" data-widget_type=\"text-editor.default\">\n\t\t\t\t<div class=\"elementor-widget-container\">\n\t\t\t\t\t\t\t\t\t<p>La nostra avventura nel mondo del marketing digitale inizia nel 2019, quando abbiamo iniziato a lavorare per alcune delle pi\u00f9 grandi aziende del settore. Abbiamo imparato le dinamiche di un mercato in continua evoluzione, sviluppando competenze avanzate in lead generation e gestione e-commerce. Tuttavia, con il passare del tempo, ci siamo resi conto che qualcosa mancava: un approccio veramente personalizzato, che non si limitasse a numeri e report, ma che mettesse al centro le reali esigenze delle aziende.<\/p><p>Cos\u00ec, nel 2022, abbiamo deciso di fare il grande passo e di metterci in proprio, spinti dalla voglia di offrire un servizio diverso. Volevamo costruire un&#8217;agenzia che non si limitasse a seguire schemi prestabiliti, ma che collaborasse con i clienti come partner strategico, creando soluzioni su misura per ogni realt\u00e0. Perch\u00e9 per noi, il successo di un&#8217;azienda non \u00e8 mai standard: \u00e8 il risultato di una strategia unica, pensata apposta per chi vuole distinguersi.<\/p>\t\t\t\t\t\t\t\t<\/div>\n\t\t\t\t<\/div>\n\t\t\t\t\t<\/div>\n\t\t\t\t<\/div>\n\t\t\t\t<\/div>\n\t\t<div class=\"elementor-element elementor-element-5972acfb e-con-full e-flex e-con e-parent\" data-id=\"5972acfb\" data-element_type=\"container\">\n\t\t<div class=\"elementor-element elementor-element-32f6f2a2 e-con-full e-flex e-con e-child\" data-id=\"32f6f2a2\" data-element_type=\"container\">\n\t\t\t\t<div class=\"elementor-element elementor-element-46ec18f8 elementor-widget elementor-widget-heading\" data-id=\"46ec18f8\" data-element_type=\"widget\" data-widget_type=\"heading.default\">\n\t\t\t\t<div class=\"elementor-widget-container\">\n\t\t\t\t\t<h2 class=\"elementor-heading-title elementor-size-default\">LA NOSTRA MISSIONE<\/h2>\t\t\t\t<\/div>\n\t\t\t\t<\/div>\n\t\t\t\t<div class=\"elementor-element elementor-element-68f438ee elementor-widget__width-initial elementor-widget-mobile__width-inherit elementor-widget elementor-widget-text-editor\" data-id=\"68f438ee\" data-element_type=\"widget\" data-widget_type=\"text-editor.default\">\n\t\t\t\t<div class=\"elementor-widget-container\">\n\t\t\t\t\t\t\t\t\t<p>La nostra missione \u00e8 semplice ma potente: aiutare le piccole e medie imprese a emergere nel mercato e a non farsi inglobare dalla concorrenza. In un mondo sempre pi\u00f9 dominato dai grandi brand, crediamo che ogni impresa, indipendentemente dalle dimensioni, abbia il diritto di far sentire la propria voce. Per questo, lavoriamo fianco a fianco con i nostri clienti, creando strategie su misura che permettano loro di distinguersi, crescere e prosperare. La tua azienda ha un valore unico, e il nostro obiettivo \u00e8 fare in modo che quel valore venga riconosciuto.<\/p>\t\t\t\t\t\t\t\t<\/div>\n\t\t\t\t<\/div>\n\t\t\t\t<\/div>\n\t\t<div class=\"elementor-element elementor-element-1ce963f9 e-con-full e-flex e-con e-child\" data-id=\"1ce963f9\" data-element_type=\"container\" data-settings=\"{&quot;background_background&quot;:&quot;classic&quot;}\">\n\t\t\t\t<div class=\"elementor-element elementor-element-6a2214eb elementor-widget elementor-widget-image\" data-id=\"6a2214eb\" data-element_type=\"widget\" data-widget_type=\"image.default\">\n\t\t\t\t<div class=\"elementor-widget-container\">\n\t\t\t\t\t\t\t\t\t\t\t\t\t\t\t<img decoding=\"async\" width=\"789\" height=\"788\" src=\"https:\/\/mediamarket-group.com\/wp-content\/uploads\/2025\/03\/Untitled-design-13.png\" class=\"attachment-full size-full wp-image-172\" alt=\"\" srcset=\"https:\/\/mediamarket-group.com\/wp-content\/uploads\/2025\/03\/Untitled-design-13.png 789w, https:\/\/mediamarket-group.com\/wp-content\/uploads\/2025\/03\/Untitled-design-13-300x300.png 300w, https:\/\/mediamarket-group.com\/wp-content\/uploads\/2025\/03\/Untitled-design-13-150x150.png 150w, https:\/\/mediamarket-group.com\/wp-content\/uploads\/2025\/03\/Untitled-design-13-768x767.png 768w\" sizes=\"(max-width: 789px) 100vw, 789px\" \/>\t\t\t\t\t\t\t\t\t\t\t\t\t\t\t<\/div>\n\t\t\t\t<\/div>\n\t\t\t\t<\/div>\n\t\t\t\t<\/div>\n\t\t<div class=\"elementor-element elementor-element-17810e3e e-flex e-con-boxed e-con e-parent\" data-id=\"17810e3e\" data-element_type=\"container\">\n\t\t\t\t\t<div class=\"e-con-inner\">\n\t\t<div class=\"elementor-element elementor-element-faf047b e-con-full e-flex e-con e-child\" data-id=\"faf047b\" data-element_type=\"container\" data-settings=\"{&quot;background_background&quot;:&quot;classic&quot;}\">\n\t\t<div class=\"elementor-element elementor-element-447055c1 e-con-full e-flex e-con e-child\" data-id=\"447055c1\" data-element_type=\"container\">\n\t\t\t\t<div class=\"elementor-element elementor-element-5a1a4e46 elementor-cta--layout-image-right elementor-cta--valign-middle elementor-cta--mobile-layout-image-above elementor-widget__width-initial elementor-widget-tablet__width-inherit elementor-cta--tablet-layout-image-right elementor-cta--skin-classic elementor-animated-content elementor-bg-transform elementor-bg-transform-zoom-in elementor-widget elementor-widget-call-to-action\" data-id=\"5a1a4e46\" data-element_type=\"widget\" data-widget_type=\"call-to-action.default\">\n\t\t\t\t<div class=\"elementor-widget-container\">\n\t\t\t\t\t\t\t<div class=\"elementor-cta\">\n\t\t\t\t\t\t\t<div class=\"elementor-cta__content\">\n\t\t\t\t\n\t\t\t\t\t\t\t\t\t<h2 class=\"elementor-cta__title elementor-cta__content-item elementor-content-item\">\n\t\t\t\t\t\tPRENOTA UNA<br>CONSULENZA GRATUITA\t\t\t\t\t<\/h2>\n\t\t\t\t\n\t\t\t\t\t\t\t\t\t<div class=\"elementor-cta__description elementor-cta__content-item elementor-content-item\">\n\t\t\t\t\t\tPuoi scegliere se richiedere subito una consulenza, compilando il form qui sotto.\n<br> Altrimenti puoi scriverci su WhatsApp o inviarci un e-mail.\t\t\t\t\t<\/div>\n\t\t\t\t\n\t\t\t\t\t\t\t\t\t<div class=\"elementor-cta__button-wrapper elementor-cta__content-item elementor-content-item \">\n\t\t\t\t\t<a class=\"elementor-cta__button elementor-button elementor-size-md\" href=\"https:\/\/ami-agenzia-bccd9d.ingress-erytho.ewp.live\/?page_id=18\">\n\t\t\t\t\t\tcontattaci\t\t\t\t\t<\/a>\n\t\t\t\t\t<\/div>\n\t\t\t\t\t\t\t<\/div>\n\t\t\t\t\t\t<\/div>\n\t\t\t\t\t\t<\/div>\n\t\t\t\t<\/div>\n\t\t\t\t<\/div>\n\t\t<div class=\"elementor-element elementor-element-1701cde e-con-full e-flex e-con e-child\" data-id=\"1701cde\" data-element_type=\"container\">\n\t\t\t\t<div class=\"elementor-element elementor-element-7ba28ba3 elementor-widget elementor-widget-image\" data-id=\"7ba28ba3\" data-element_type=\"widget\" data-widget_type=\"image.default\">\n\t\t\t\t<div class=\"elementor-widget-container\">\n\t\t\t\t\t\t\t\t\t\t\t\t\t\t\t<img loading=\"lazy\" decoding=\"async\" width=\"1024\" height=\"1024\" src=\"https:\/\/mediamarket-group.com\/wp-content\/uploads\/2025\/03\/Progetto-senza-titolo-23-1-1024x1024.png\" class=\"attachment-large size-large wp-image-58\" alt=\"\" srcset=\"https:\/\/mediamarket-group.com\/wp-content\/uploads\/2025\/03\/Progetto-senza-titolo-23-1-1024x1024.png 1024w, https:\/\/mediamarket-group.com\/wp-content\/uploads\/2025\/03\/Progetto-senza-titolo-23-1-300x300.png 300w, https:\/\/mediamarket-group.com\/wp-content\/uploads\/2025\/03\/Progetto-senza-titolo-23-1-150x150.png 150w, https:\/\/mediamarket-group.com\/wp-content\/uploads\/2025\/03\/Progetto-senza-titolo-23-1-768x768.png 768w, https:\/\/mediamarket-group.com\/wp-content\/uploads\/2025\/03\/Progetto-senza-titolo-23-1.png 1080w\" sizes=\"(max-width: 1024px) 100vw, 1024px\" \/>\t\t\t\t\t\t\t\t\t\t\t\t\t\t\t<\/div>\n\t\t\t\t<\/div>\n\t\t\t\t<\/div>\n\t\t\t\t<\/div>\n\t\t\t\t\t<\/div>\n\t\t\t\t<\/div>\n\t\t<div class=\"elementor-element elementor-element-376ded62 e-flex e-con-boxed e-con e-parent\" data-id=\"376ded62\" data-element_type=\"container\">\n\t\t\t\t\t<div class=\"e-con-inner\">\n\t\t\t\t<div class=\"elementor-element elementor-element-730e6f35 elementor-button-align-stretch elementor-widget elementor-widget-form\" data-id=\"730e6f35\" data-element_type=\"widget\" data-settings=\"{&quot;step_next_label&quot;:&quot;Successivo&quot;,&quot;step_previous_label&quot;:&quot;Precedente&quot;,&quot;button_width&quot;:&quot;100&quot;,&quot;step_type&quot;:&quot;number_text&quot;,&quot;step_icon_shape&quot;:&quot;circle&quot;}\" data-widget_type=\"form.default\">\n\t\t\t\t<div class=\"elementor-widget-container\">\n\t\t\t\t\t\t\t<form class=\"elementor-form\" method=\"post\" name=\"modulo di contatto Ami agenzia\">\n\t\t\t<input type=\"hidden\" name=\"post_id\" value=\"53\"\/>\n\t\t\t<input type=\"hidden\" name=\"form_id\" value=\"730e6f35\"\/>\n\t\t\t<input type=\"hidden\" name=\"referer_title\" value=\"Storia\" \/>\n\n\t\t\t\t\t\t\t<input type=\"hidden\" name=\"queried_id\" value=\"53\"\/>\n\t\t\t\n\t\t\t<div class=\"elementor-form-fields-wrapper elementor-labels-above\">\n\t\t\t\t\t\t\t\t<div class=\"elementor-field-type-text elementor-field-group elementor-column elementor-field-group-name elementor-col-100 elementor-field-required elementor-mark-required\">\n\t\t\t\t\t\t\t\t\t\t\t\t<label for=\"form-field-name\" class=\"elementor-field-label\">\n\t\t\t\t\t\t\t\tNome e Cognome\t\t\t\t\t\t\t<\/label>\n\t\t\t\t\t\t\t\t\t\t\t\t\t\t<input size=\"1\" type=\"text\" name=\"form_fields[name]\" id=\"form-field-name\" class=\"elementor-field elementor-size-sm  elementor-field-textual\" placeholder=\"Nome e cognome\" required=\"required\">\n\t\t\t\t\t\t\t\t\t\t\t<\/div>\n\t\t\t\t\t\t\t\t<div class=\"elementor-field-type-text elementor-field-group elementor-column elementor-field-group-field_62bbc40 elementor-col-100\">\n\t\t\t\t\t\t\t\t\t\t\t\t<label for=\"form-field-field_62bbc40\" class=\"elementor-field-label\">\n\t\t\t\t\t\t\t\tSettore\t\t\t\t\t\t\t<\/label>\n\t\t\t\t\t\t\t\t\t\t\t\t\t\t<input size=\"1\" type=\"text\" name=\"form_fields[field_62bbc40]\" id=\"form-field-field_62bbc40\" class=\"elementor-field elementor-size-sm  elementor-field-textual\" placeholder=\"Settore\">\n\t\t\t\t\t\t\t\t\t\t\t<\/div>\n\t\t\t\t\t\t\t\t<div class=\"elementor-field-type-text elementor-field-group elementor-column elementor-field-group-field_ac8bccf elementor-col-100 elementor-field-required elementor-mark-required\">\n\t\t\t\t\t\t\t\t\t\t\t\t<label for=\"form-field-field_ac8bccf\" class=\"elementor-field-label\">\n\t\t\t\t\t\t\t\tNome Attivit\u00e0\t\t\t\t\t\t\t<\/label>\n\t\t\t\t\t\t\t\t\t\t\t\t\t\t<input size=\"1\" type=\"text\" name=\"form_fields[field_ac8bccf]\" id=\"form-field-field_ac8bccf\" class=\"elementor-field elementor-size-sm  elementor-field-textual\" placeholder=\"Nome Attivit\u00e0\" required=\"required\">\n\t\t\t\t\t\t\t\t\t\t\t<\/div>\n\t\t\t\t\t\t\t\t<div class=\"elementor-field-type-text elementor-field-group elementor-column elementor-field-group-field_b524ab3 elementor-col-100 elementor-field-required elementor-mark-required\">\n\t\t\t\t\t\t\t\t\t\t\t\t<label for=\"form-field-field_b524ab3\" class=\"elementor-field-label\">\n\t\t\t\t\t\t\t\tNumero di Telefono\t\t\t\t\t\t\t<\/label>\n\t\t\t\t\t\t\t\t\t\t\t\t\t\t<input size=\"1\" type=\"text\" name=\"form_fields[field_b524ab3]\" id=\"form-field-field_b524ab3\" class=\"elementor-field elementor-size-sm  elementor-field-textual\" placeholder=\"Numero di Telefono\" required=\"required\">\n\t\t\t\t\t\t\t\t\t\t\t<\/div>\n\t\t\t\t\t\t\t\t<div class=\"elementor-field-type-email elementor-field-group elementor-column elementor-field-group-email elementor-col-100 elementor-field-required elementor-mark-required\">\n\t\t\t\t\t\t\t\t\t\t\t\t<label for=\"form-field-email\" class=\"elementor-field-label\">\n\t\t\t\t\t\t\t\tEmail\t\t\t\t\t\t\t<\/label>\n\t\t\t\t\t\t\t\t\t\t\t\t\t\t<input size=\"1\" type=\"email\" name=\"form_fields[email]\" id=\"form-field-email\" class=\"elementor-field elementor-size-sm  elementor-field-textual\" placeholder=\"Email\" required=\"required\">\n\t\t\t\t\t\t\t\t\t\t\t<\/div>\n\t\t\t\t\t\t\t\t<div class=\"elementor-field-type-textarea elementor-field-group elementor-column elementor-field-group-message elementor-col-100\">\n\t\t\t\t\t\t\t\t\t\t\t\t<label for=\"form-field-message\" class=\"elementor-field-label\">\n\t\t\t\t\t\t\t\tMessaggio\t\t\t\t\t\t\t<\/label>\n\t\t\t\t\t\t<textarea class=\"elementor-field-textual elementor-field  elementor-size-sm\" name=\"form_fields[message]\" id=\"form-field-message\" rows=\"4\" placeholder=\"Messaggio\"><\/textarea>\t\t\t\t<\/div>\n\t\t\t\t\t\t\t\t<div class=\"elementor-field-group elementor-column elementor-field-type-submit elementor-col-100 e-form__buttons\">\n\t\t\t\t\t<button class=\"elementor-button elementor-size-sm\" type=\"submit\">\n\t\t\t\t\t\t<span class=\"elementor-button-content-wrapper\">\n\t\t\t\t\t\t\t\t\t\t\t\t\t\t\t\t\t\t\t\t\t\t<span class=\"elementor-button-text\">Invia<\/span>\n\t\t\t\t\t\t\t\t\t\t\t\t\t<\/span>\n\t\t\t\t\t<\/button>\n\t\t\t\t<\/div>\n\t\t\t<\/div>\n\t\t<\/form>\n\t\t\t\t\t\t<\/div>\n\t\t\t\t<\/div>\n\t\t\t\t\t<\/div>\n\t\t\t\t<\/div>\n\t\t<div class=\"elementor-element elementor-element-42b40ae e-flex e-con-boxed e-con e-parent\" data-id=\"42b40ae\" data-element_type=\"container\" data-settings=\"{&quot;background_background&quot;:&quot;classic&quot;}\">\n\t\t\t\t\t<div class=\"e-con-inner\">\n\t\t\t\t<div class=\"elementor-element elementor-element-498e7f2 elementor-widget__width-initial elementor-widget elementor-widget-image\" data-id=\"498e7f2\" data-element_type=\"widget\" data-widget_type=\"image.default\">\n\t\t\t\t<div class=\"elementor-widget-container\">\n\t\t\t\t\t\t\t\t\t\t\t\t\t\t\t<img fetchpriority=\"high\" decoding=\"async\" width=\"1024\" height=\"341\" src=\"https:\/\/mediamarket-group.com\/wp-content\/uploads\/2025\/03\/Copy-of-TradeFLOW-Turkish-1-1024x341.png\" class=\"attachment-large size-large wp-image-124\" alt=\"\" srcset=\"https:\/\/mediamarket-group.com\/wp-content\/uploads\/2025\/03\/Copy-of-TradeFLOW-Turkish-1-1024x341.png 1024w, https:\/\/mediamarket-group.com\/wp-content\/uploads\/2025\/03\/Copy-of-TradeFLOW-Turkish-1-300x100.png 300w, https:\/\/mediamarket-group.com\/wp-content\/uploads\/2025\/03\/Copy-of-TradeFLOW-Turkish-1-768x255.png 768w, https:\/\/mediamarket-group.com\/wp-content\/uploads\/2025\/03\/Copy-of-TradeFLOW-Turkish-1-1536x511.png 1536w, https:\/\/mediamarket-group.com\/wp-content\/uploads\/2025\/03\/Copy-of-TradeFLOW-Turkish-1.png 1837w\" sizes=\"(max-width: 1024px) 100vw, 1024px\" \/>\t\t\t\t\t\t\t\t\t\t\t\t\t\t\t<\/div>\n\t\t\t\t<\/div>\n\t\t\t\t<div class=\"elementor-element elementor-element-c7ac3d9 elementor-widget elementor-widget-text-editor\" data-id=\"c7ac3d9\" data-element_type=\"widget\" data-widget_type=\"text-editor.default\">\n\t\t\t\t<div class=\"elementor-widget-container\">\n\t\t\t\t\t\t\t\t\t<p><a href=\"https:\/\/mediamarket-group.com\/?preview_id=7\">Home<\/a> | <a href=\"https:\/\/mediamarket-group.com\/?page_id=53\">La nostra Storia<\/a> | <a href=\"https:\/\/mediamarket-group.com\/?page_id=92\">Le nostre Soluzioni<\/a> | <a href=\"https:\/\/mediamarket-group.com\/?page_id=213\">Contattaci<\/a> | <a href=\"https:\/\/www.iubenda.com\/privacy-policy\/76424068\">Privacy Policy<\/a> | <a href=\"https:\/\/www.iubenda.com\/privacy-policy\/76424068\/cookie-policy\">Cookie Policy<\/a> | <a href=\"https:\/\/www.iubenda.com\/privacy-policy\/76424068\">Terms And Condition<\/a><\/p>\t\t\t\t\t\t\t\t<\/div>\n\t\t\t\t<\/div>\n\t\t\t\t\t<\/div>\n\t\t\t\t<\/div>\n\t\t<div class=\"elementor-element elementor-element-f21cd93 e-flex e-con-boxed e-con e-parent\" data-id=\"f21cd93\" data-element_type=\"container\" data-settings=\"{&quot;background_background&quot;:&quot;classic&quot;}\">\n\t\t\t\t\t<div class=\"e-con-inner\">\n\t\t\t\t<div class=\"elementor-element elementor-element-5519341 elementor-widget elementor-widget-text-editor\" data-id=\"5519341\" data-element_type=\"widget\" data-widget_type=\"text-editor.default\">\n\t\t\t\t<div class=\"elementor-widget-container\">\n\t\t\t\t\t\t\t\t\t<p>Copyright \u00a9 2025 MEDIA MARKET GROUP LLC \u2013 30 N Gould St Ste R WY, Sheridan, 82801 United States | 38-4280257 mediamarketgroupllc@gmail.com<\/p>\t\t\t\t\t\t\t\t<\/div>\n\t\t\t\t<\/div>\n\t\t\t\t\t<\/div>\n\t\t\t\t<\/div>\n\t\t\t\t<\/div>\n\t\t","protected":false},"excerpt":{"rendered":"<p>&#8230; LA NOSTRA STORIA La nostra avventura nel mondo del marketing digitale inizia nel 2019, quando abbiamo iniziato a lavorare per alcune delle pi\u00f9 grandi aziende del settore. Abbiamo imparato le dinamiche di un mercato in continua evoluzione, sviluppando competenze avanzate in lead generation e gestione e-commerce. Tuttavia, con il passare del tempo, ci siamo [&hellip;]<\/p>\n","protected":false},"author":1,"featured_media":0,"parent":0,"menu_order":0,"comment_status":"closed","ping_status":"closed","template":"elementor_canvas","meta":{"footnotes":""},"class_list":["post-53","page","type-page","status-publish","hentry"],"_links":{"self":[{"href":"https:\/\/mediamarket-group.com\/index.php?rest_route=\/wp\/v2\/pages\/53","targetHints":{"allow":["GET"]}}],"collection":[{"href":"https:\/\/mediamarket-group.com\/index.php?rest_route=\/wp\/v2\/pages"}],"about":[{"href":"https:\/\/mediamarket-group.com\/index.php?rest_route=\/wp\/v2\/types\/page"}],"author":[{"embeddable":true,"href":"https:\/\/mediamarket-group.com\/index.php?rest_route=\/wp\/v2\/users\/1"}],"replies":[{"embeddable":true,"href":"https:\/\/mediamarket-group.com\/index.php?rest_route=%2Fwp%2Fv2%2Fcomments&post=53"}],"version-history":[{"count":5,"href":"https:\/\/mediamarket-group.com\/index.php?rest_route=\/wp\/v2\/pages\/53\/revisions"}],"predecessor-version":[{"id":237,"href":"https:\/\/mediamarket-group.com\/index.php?rest_route=\/wp\/v2\/pages\/53\/revisions\/237"}],"wp:attachment":[{"href":"https:\/\/mediamarket-group.com\/index.php?rest_route=%2Fwp%2Fv2%2Fmedia&parent=53"}],"curies":[{"name":"wp","href":"https:\/\/api.w.org\/{rel}","templated":true}]}}