{"id":92,"date":"2025-03-05T16:16:49","date_gmt":"2025-03-05T16:16:49","guid":{"rendered":"https:\/\/mediamarket-group.com\/?page_id=92"},"modified":"2025-03-06T19:56:55","modified_gmt":"2025-03-06T19:56:55","slug":"servizi","status":"publish","type":"page","link":"https:\/\/mediamarket-group.com\/?page_id=92","title":{"rendered":"Servizi"},"content":{"rendered":"\t\t<div data-elementor-type=\"wp-page\" data-elementor-id=\"92\" class=\"elementor elementor-92\" data-elementor-post-type=\"page\">\n\t\t\t\t<div class=\"elementor-element elementor-element-6f3a703 e-flex e-con-boxed e-con e-parent\" data-id=\"6f3a703\" data-element_type=\"container\">\n\t\t\t\t\t<div class=\"e-con-inner\">\n\t\t\t\t<div class=\"elementor-element elementor-element-076c35e elementor-widget elementor-widget-image\" data-id=\"076c35e\" data-element_type=\"widget\" data-widget_type=\"image.default\">\n\t\t\t\t<div class=\"elementor-widget-container\">\n\t\t\t\t\t\t\t\t\t\t\t\t\t\t\t\t<a href=\"https:\/\/mediamarket-group.com\/?page_id=7\">\n\t\t\t\t\t\t\t<img fetchpriority=\"high\" decoding=\"async\" width=\"1024\" height=\"341\" src=\"https:\/\/mediamarket-group.com\/wp-content\/uploads\/2025\/03\/Copy-of-TradeFLOW-Turkish-1-1024x341.png\" class=\"attachment-large size-large wp-image-124\" alt=\"\" srcset=\"https:\/\/mediamarket-group.com\/wp-content\/uploads\/2025\/03\/Copy-of-TradeFLOW-Turkish-1-1024x341.png 1024w, https:\/\/mediamarket-group.com\/wp-content\/uploads\/2025\/03\/Copy-of-TradeFLOW-Turkish-1-300x100.png 300w, https:\/\/mediamarket-group.com\/wp-content\/uploads\/2025\/03\/Copy-of-TradeFLOW-Turkish-1-768x255.png 768w, https:\/\/mediamarket-group.com\/wp-content\/uploads\/2025\/03\/Copy-of-TradeFLOW-Turkish-1-1536x511.png 1536w, https:\/\/mediamarket-group.com\/wp-content\/uploads\/2025\/03\/Copy-of-TradeFLOW-Turkish-1.png 1837w\" sizes=\"(max-width: 1024px) 100vw, 1024px\" \/>\t\t\t\t\t\t\t\t<\/a>\n\t\t\t\t\t\t\t\t\t\t\t\t\t\t\t<\/div>\n\t\t\t\t<\/div>\n\t\t\t\t\t<\/div>\n\t\t\t\t<\/div>\n\t\t<div class=\"elementor-element elementor-element-18bc07d9 e-con-full e-flex e-con e-parent\" data-id=\"18bc07d9\" data-element_type=\"container\">\n\t\t\t\t<div class=\"elementor-element elementor-element-577cf5d3 elementor-widget elementor-widget-heading\" data-id=\"577cf5d3\" data-element_type=\"widget\" data-widget_type=\"heading.default\">\n\t\t\t\t<div class=\"elementor-widget-container\">\n\t\t\t\t\t<h2 class=\"elementor-heading-title elementor-size-default\">I Nostri Servizi<\/h2>\t\t\t\t<\/div>\n\t\t\t\t<\/div>\n\t\t\t\t<div class=\"elementor-element elementor-element-2aecc326 elementor-widget-tablet__width-initial elementor-widget elementor-widget-heading\" data-id=\"2aecc326\" data-element_type=\"widget\" data-widget_type=\"heading.default\">\n\t\t\t\t<div class=\"elementor-widget-container\">\n\t\t\t\t\t<h5 class=\"elementor-heading-title elementor-size-default\">Che tu sia una piccola attivit\u00e0 locale o una grande impresa online, creiamo strategie personalizzate che rispondono alle tue esigenze e massimizzano i risultati. Con noi, la tua azienda avr\u00e0 una soluzione progettata appositamente per crescere nel mercato in cui opera.<\/h5>\t\t\t\t<\/div>\n\t\t\t\t<\/div>\n\t\t\t\t<\/div>\n\t\t<div class=\"elementor-element elementor-element-3dd158d2 e-flex e-con-boxed e-con e-parent\" data-id=\"3dd158d2\" data-element_type=\"container\">\n\t\t\t\t\t<div class=\"e-con-inner\">\n\t\t<div class=\"elementor-element elementor-element-2667bd8f e-con-full e-flex e-con e-child\" data-id=\"2667bd8f\" data-element_type=\"container\" data-settings=\"{&quot;background_background&quot;:&quot;classic&quot;}\">\n\t\t\t\t<div class=\"elementor-element elementor-element-6c43db96 elementor-widget elementor-widget-image\" data-id=\"6c43db96\" data-element_type=\"widget\" data-widget_type=\"image.default\">\n\t\t\t\t<div class=\"elementor-widget-container\">\n\t\t\t\t\t\t\t\t\t\t\t\t\t\t\t<img decoding=\"async\" width=\"150\" height=\"150\" src=\"https:\/\/mediamarket-group.com\/wp-content\/uploads\/2025\/03\/2-1-150x150.png\" class=\"attachment-thumbnail size-thumbnail wp-image-165\" alt=\"\" \/>\t\t\t\t\t\t\t\t\t\t\t\t\t\t\t<\/div>\n\t\t\t\t<\/div>\n\t\t\t\t<div class=\"elementor-element elementor-element-71b667a2 elementor-widget elementor-widget-heading\" data-id=\"71b667a2\" data-element_type=\"widget\" data-widget_type=\"heading.default\">\n\t\t\t\t<div class=\"elementor-widget-container\">\n\t\t\t\t\t<h2 class=\"elementor-heading-title elementor-size-default\">Acquisizione Clienti<\/h2>\t\t\t\t<\/div>\n\t\t\t\t<\/div>\n\t\t\t\t<div class=\"elementor-element elementor-element-66204211 elementor-widget elementor-widget-text-editor\" data-id=\"66204211\" data-element_type=\"widget\" data-widget_type=\"text-editor.default\">\n\t\t\t\t<div class=\"elementor-widget-container\">\n\t\t\t\t\t\t\t\t\t<p><strong>Cos&#8217;\u00e8:<\/strong> La lead generation \u00e8 il processo di attrazione e acquisizione di clienti potenziali, utilizzando strategie mirate e campagne pubblicitarie personalizzate.<\/p><p><br \/><strong>Come funziona:<\/strong> Grazie all&#8217;uso di tecniche avanzate di targeting e analisi, siamo in grado di creare campagne pubblicitarie che generano contatti qualificati, aumentando significativamente le opportunit\u00e0 di vendita. Lavoriamo per attrarre persone che sono realmente interessate ai tuoi prodotti o servizi, in modo da costruire una base solida di potenziali clienti.<\/p><p><br \/><strong>Vantaggi per te:<\/strong><\/p><ul><li>Aumento delle opportunit\u00e0 di vendita<\/li><li>Generazione di contatti altamente qualificati<\/li><li>Strategie personalizzate per il tuo business<\/li><\/ul>\t\t\t\t\t\t\t\t<\/div>\n\t\t\t\t<\/div>\n\t\t\t\t<\/div>\n\t\t<div class=\"elementor-element elementor-element-2745fe09 e-con-full e-flex e-con e-child\" data-id=\"2745fe09\" data-element_type=\"container\" data-settings=\"{&quot;background_background&quot;:&quot;classic&quot;}\">\n\t\t\t\t<div class=\"elementor-element elementor-element-5dc8b38c elementor-widget elementor-widget-image\" data-id=\"5dc8b38c\" data-element_type=\"widget\" data-widget_type=\"image.default\">\n\t\t\t\t<div class=\"elementor-widget-container\">\n\t\t\t\t\t\t\t\t\t\t\t\t\t\t\t<img decoding=\"async\" width=\"150\" height=\"150\" src=\"https:\/\/mediamarket-group.com\/wp-content\/uploads\/2025\/03\/3-1-150x150.png\" class=\"attachment-thumbnail size-thumbnail wp-image-164\" alt=\"\" \/>\t\t\t\t\t\t\t\t\t\t\t\t\t\t\t<\/div>\n\t\t\t\t<\/div>\n\t\t\t\t<div class=\"elementor-element elementor-element-63952973 elementor-widget elementor-widget-heading\" data-id=\"63952973\" data-element_type=\"widget\" data-widget_type=\"heading.default\">\n\t\t\t\t<div class=\"elementor-widget-container\">\n\t\t\t\t\t<h2 class=\"elementor-heading-title elementor-size-default\">Vendite Online<\/h2>\t\t\t\t<\/div>\n\t\t\t\t<\/div>\n\t\t\t\t<div class=\"elementor-element elementor-element-646d6dbb elementor-widget elementor-widget-text-editor\" data-id=\"646d6dbb\" data-element_type=\"widget\" data-widget_type=\"text-editor.default\">\n\t\t\t\t<div class=\"elementor-widget-container\">\n\t\t\t\t\t\t\t\t\t<p><strong>Cos&#8217;\u00e8:<\/strong> Un sito di e-commerce ottimizzato permette di vendere prodotti o servizi online, raggiungendo un pubblico globale e facilitando il processo di acquisto.<\/p><p><strong>Come funziona:<\/strong> Creiamo negozi online che sono facili da navigare, esteticamente gradevoli e progettati per massimizzare le conversioni. Ottimizziamo ogni aspetto dell&#8217;esperienza d&#8217;acquisto per ridurre l&#8217;abbandono del carrello e migliorare la soddisfazione del cliente. Dalla scelta della piattaforma alla gestione delle transazioni, ci occupiamo di ogni fase.<\/p><p><br \/><strong>Vantaggi per te:<\/strong><\/p><ul><li>Incremento delle vendite online<\/li><li>Esperienza utente fluida e intuitiva<\/li><li>Ottimizzazione continua per massimizzare i risultati<\/li><\/ul>\t\t\t\t\t\t\t\t<\/div>\n\t\t\t\t<\/div>\n\t\t\t\t<\/div>\n\t\t<div class=\"elementor-element elementor-element-2b14d291 e-con-full e-flex e-con e-child\" data-id=\"2b14d291\" data-element_type=\"container\" data-settings=\"{&quot;background_background&quot;:&quot;classic&quot;}\">\n\t\t\t\t<div class=\"elementor-element elementor-element-2d6acd34 elementor-widget elementor-widget-image\" data-id=\"2d6acd34\" data-element_type=\"widget\" data-widget_type=\"image.default\">\n\t\t\t\t<div class=\"elementor-widget-container\">\n\t\t\t\t\t\t\t\t\t\t\t\t\t\t\t<img loading=\"lazy\" decoding=\"async\" width=\"150\" height=\"150\" src=\"https:\/\/mediamarket-group.com\/wp-content\/uploads\/2025\/03\/4-150x150.png\" class=\"attachment-thumbnail size-thumbnail wp-image-163\" alt=\"\" \/>\t\t\t\t\t\t\t\t\t\t\t\t\t\t\t<\/div>\n\t\t\t\t<\/div>\n\t\t\t\t<div class=\"elementor-element elementor-element-12acfc20 elementor-widget elementor-widget-heading\" data-id=\"12acfc20\" data-element_type=\"widget\" data-widget_type=\"heading.default\">\n\t\t\t\t<div class=\"elementor-widget-container\">\n\t\t\t\t\t<h2 class=\"elementor-heading-title elementor-size-default\">Strategie di Conversione<\/h2>\t\t\t\t<\/div>\n\t\t\t\t<\/div>\n\t\t\t\t<div class=\"elementor-element elementor-element-51e6712c elementor-widget elementor-widget-text-editor\" data-id=\"51e6712c\" data-element_type=\"widget\" data-widget_type=\"text-editor.default\">\n\t\t\t\t<div class=\"elementor-widget-container\">\n\t\t\t\t\t\t\t\t\t<p><strong>Cos&#8217;\u00e8:<\/strong> Un funnel di vendita \u00e8 un percorso strategico che guida i visitatori del tuo sito attraverso diverse fasi, trasformandoli in clienti paganti.<\/p><p><br \/><strong>Come funziona:<\/strong> Progettiamo funnel personalizzati che accompagnano i potenziali clienti dal primo contatto fino all&#8217;acquisto. Ogni fase del funnel \u00e8 studiata per nutrire il cliente con il giusto contenuto e incentivarlo a compiere il prossimo passo, ottimizzando le conversioni in ogni fase.<\/p><p><br \/><strong>Vantaggi per te:<\/strong><\/p><ul><li>Aumento delle conversioni<\/li><li>Migliore nutrimento del cliente attraverso contenuti mirati<\/li><li>Monitoraggio e ottimizzazione continua del funnel<\/li><\/ul>\t\t\t\t\t\t\t\t<\/div>\n\t\t\t\t<\/div>\n\t\t\t\t<\/div>\n\t\t<div class=\"elementor-element elementor-element-34ae101e e-con-full e-flex e-con e-child\" data-id=\"34ae101e\" data-element_type=\"container\" data-settings=\"{&quot;background_background&quot;:&quot;classic&quot;}\">\n\t\t\t\t<div class=\"elementor-element elementor-element-273df0a5 elementor-widget elementor-widget-image\" data-id=\"273df0a5\" data-element_type=\"widget\" data-widget_type=\"image.default\">\n\t\t\t\t<div class=\"elementor-widget-container\">\n\t\t\t\t\t\t\t\t\t\t\t\t\t\t\t<img loading=\"lazy\" decoding=\"async\" width=\"150\" height=\"150\" src=\"https:\/\/mediamarket-group.com\/wp-content\/uploads\/2025\/03\/5-150x150.png\" class=\"attachment-thumbnail size-thumbnail wp-image-162\" alt=\"\" \/>\t\t\t\t\t\t\t\t\t\t\t\t\t\t\t<\/div>\n\t\t\t\t<\/div>\n\t\t\t\t<div class=\"elementor-element elementor-element-10edacc4 elementor-widget elementor-widget-heading\" data-id=\"10edacc4\" data-element_type=\"widget\" data-widget_type=\"heading.default\">\n\t\t\t\t<div class=\"elementor-widget-container\">\n\t\t\t\t\t<h2 class=\"elementor-heading-title elementor-size-default\">Pubblicit\u00e0 Digitale<\/h2>\t\t\t\t<\/div>\n\t\t\t\t<\/div>\n\t\t\t\t<div class=\"elementor-element elementor-element-270b7fb5 elementor-widget elementor-widget-text-editor\" data-id=\"270b7fb5\" data-element_type=\"widget\" data-widget_type=\"text-editor.default\">\n\t\t\t\t<div class=\"elementor-widget-container\">\n\t\t\t\t\t\t\t\t\t<p><strong>Cos&#8217;\u00e8:<\/strong> La pubblicit\u00e0 online \u00e8 uno strumento potente per raggiungere il pubblico giusto, nei momenti giusti, attraverso le piattaforme pi\u00f9 efficaci.<\/p><p><br \/><strong>Come funziona:<\/strong> Progettiamo e gestiamo campagne pubblicitarie su Google, Facebook, Instagram e altre piattaforme, per massimizzare la visibilit\u00e0 e il ritorno sull&#8217;investimento. Ottimizziamo ogni annuncio per migliorare il tasso di clic (CTR) e il costo per acquisizione (CPA), garantendo che il tuo budget venga speso in modo efficace.<\/p><p><br \/><strong>Vantaggi per te:<\/strong><\/p><ul><li>Maggiore visibilit\u00e0 online<\/li><li>Ottimizzazione del ritorno sugli investimenti<\/li><li>Campagne su misura per il tuo pubblico di riferimento<\/li><\/ul>\t\t\t\t\t\t\t\t<\/div>\n\t\t\t\t<\/div>\n\t\t\t\t<\/div>\n\t\t\t\t\t<\/div>\n\t\t\t\t<\/div>\n\t\t<div class=\"elementor-element elementor-element-5bbf41fb e-flex e-con-boxed e-con e-parent\" data-id=\"5bbf41fb\" data-element_type=\"container\">\n\t\t\t\t\t<div class=\"e-con-inner\">\n\t\t\t\t<div class=\"elementor-element elementor-element-2ec2bc8e elementor-align-center elementor-invisible elementor-widget elementor-widget-button\" data-id=\"2ec2bc8e\" data-element_type=\"widget\" data-settings=\"{&quot;_animation&quot;:&quot;fadeIn&quot;,&quot;_animation_delay&quot;:400}\" data-widget_type=\"button.default\">\n\t\t\t\t<div class=\"elementor-widget-container\">\n\t\t\t\t\t\t\t\t\t<div class=\"elementor-button-wrapper\">\n\t\t\t\t\t<a class=\"elementor-button elementor-button-link elementor-size-sm\" href=\"https:\/\/mediamarket-group.com\/?page_id=7\" form=\"\">\n\t\t\t\t\t\t<span class=\"elementor-button-content-wrapper\">\n\t\t\t\t\t\t\t\t\t<span class=\"elementor-button-text\">Vuoi saperne di pi\u00f9?<\/span>\n\t\t\t\t\t<\/span>\n\t\t\t\t\t<\/a>\n\t\t\t\t<\/div>\n\t\t\t\t\t\t\t\t<\/div>\n\t\t\t\t<\/div>\n\t\t\t\t\t<\/div>\n\t\t\t\t<\/div>\n\t\t<div class=\"elementor-element elementor-element-7a7cf1d9 e-flex e-con-boxed e-con e-parent\" data-id=\"7a7cf1d9\" data-element_type=\"container\">\n\t\t\t\t\t<div class=\"e-con-inner\">\n\t\t\t\t<div class=\"elementor-element elementor-element-7d51a35a elementor-widget-divider--view-line elementor-widget elementor-widget-divider\" data-id=\"7d51a35a\" data-element_type=\"widget\" data-widget_type=\"divider.default\">\n\t\t\t\t<div class=\"elementor-widget-container\">\n\t\t\t\t\t\t\t<div class=\"elementor-divider\">\n\t\t\t<span class=\"elementor-divider-separator\">\n\t\t\t\t\t\t<\/span>\n\t\t<\/div>\n\t\t\t\t\t\t<\/div>\n\t\t\t\t<\/div>\n\t\t\t\t\t<\/div>\n\t\t\t\t<\/div>\n\t\t<div class=\"elementor-element elementor-element-399e220 e-flex e-con-boxed e-con e-parent\" data-id=\"399e220\" data-element_type=\"container\" data-settings=\"{&quot;background_background&quot;:&quot;classic&quot;}\">\n\t\t\t\t\t<div class=\"e-con-inner\">\n\t\t\t\t<div class=\"elementor-element elementor-element-c591f7a elementor-widget__width-initial elementor-widget elementor-widget-image\" data-id=\"c591f7a\" data-element_type=\"widget\" data-widget_type=\"image.default\">\n\t\t\t\t<div class=\"elementor-widget-container\">\n\t\t\t\t\t\t\t\t\t\t\t\t\t\t\t<img fetchpriority=\"high\" decoding=\"async\" width=\"1024\" height=\"341\" src=\"https:\/\/mediamarket-group.com\/wp-content\/uploads\/2025\/03\/Copy-of-TradeFLOW-Turkish-1-1024x341.png\" class=\"attachment-large size-large wp-image-124\" alt=\"\" srcset=\"https:\/\/mediamarket-group.com\/wp-content\/uploads\/2025\/03\/Copy-of-TradeFLOW-Turkish-1-1024x341.png 1024w, https:\/\/mediamarket-group.com\/wp-content\/uploads\/2025\/03\/Copy-of-TradeFLOW-Turkish-1-300x100.png 300w, https:\/\/mediamarket-group.com\/wp-content\/uploads\/2025\/03\/Copy-of-TradeFLOW-Turkish-1-768x255.png 768w, https:\/\/mediamarket-group.com\/wp-content\/uploads\/2025\/03\/Copy-of-TradeFLOW-Turkish-1-1536x511.png 1536w, https:\/\/mediamarket-group.com\/wp-content\/uploads\/2025\/03\/Copy-of-TradeFLOW-Turkish-1.png 1837w\" sizes=\"(max-width: 1024px) 100vw, 1024px\" \/>\t\t\t\t\t\t\t\t\t\t\t\t\t\t\t<\/div>\n\t\t\t\t<\/div>\n\t\t\t\t<div class=\"elementor-element elementor-element-d24d725 elementor-widget elementor-widget-text-editor\" data-id=\"d24d725\" data-element_type=\"widget\" data-widget_type=\"text-editor.default\">\n\t\t\t\t<div class=\"elementor-widget-container\">\n\t\t\t\t\t\t\t\t\t<p><a href=\"https:\/\/mediamarket-group.com\/?preview_id=7\">Home<\/a> | <a href=\"https:\/\/mediamarket-group.com\/?page_id=53\">La nostra Storia<\/a> | <a href=\"https:\/\/mediamarket-group.com\/?page_id=92\">Le nostre Soluzioni<\/a> | <a href=\"https:\/\/mediamarket-group.com\/?page_id=213\">Contattaci<\/a> | <a href=\"https:\/\/www.iubenda.com\/privacy-policy\/76424068\">Privacy Policy<\/a> | <a href=\"https:\/\/www.iubenda.com\/privacy-policy\/76424068\/cookie-policy\">Cookie Policy<\/a> | <a href=\"https:\/\/www.iubenda.com\/privacy-policy\/76424068\">Terms And Condition<\/a><\/p>\t\t\t\t\t\t\t\t<\/div>\n\t\t\t\t<\/div>\n\t\t\t\t\t<\/div>\n\t\t\t\t<\/div>\n\t\t<div class=\"elementor-element elementor-element-527bfd6 e-flex e-con-boxed e-con e-parent\" data-id=\"527bfd6\" data-element_type=\"container\" data-settings=\"{&quot;background_background&quot;:&quot;classic&quot;}\">\n\t\t\t\t\t<div class=\"e-con-inner\">\n\t\t\t\t<div class=\"elementor-element elementor-element-9c2c37f elementor-widget elementor-widget-text-editor\" data-id=\"9c2c37f\" data-element_type=\"widget\" data-widget_type=\"text-editor.default\">\n\t\t\t\t<div class=\"elementor-widget-container\">\n\t\t\t\t\t\t\t\t\t<p>Copyright \u00a9 2025 MEDIA MARKET GROUP LLC \u2013 30 N Gould St Ste R WY, Sheridan, 82801 United States | 38-4280257 mediamarketgroupllc@gmail.com<\/p>\t\t\t\t\t\t\t\t<\/div>\n\t\t\t\t<\/div>\n\t\t\t\t\t<\/div>\n\t\t\t\t<\/div>\n\t\t\t\t<\/div>\n\t\t","protected":false},"excerpt":{"rendered":"<p>I Nostri Servizi Che tu sia una piccola attivit\u00e0 locale o una grande impresa online, creiamo strategie personalizzate che rispondono alle tue esigenze e massimizzano i risultati. Con noi, la tua azienda avr\u00e0 una soluzione progettata appositamente per crescere nel mercato in cui opera. Acquisizione Clienti Cos&#8217;\u00e8: La lead generation \u00e8 il processo di attrazione [&hellip;]<\/p>\n","protected":false},"author":1,"featured_media":0,"parent":0,"menu_order":0,"comment_status":"closed","ping_status":"closed","template":"elementor_canvas","meta":{"footnotes":""},"class_list":["post-92","page","type-page","status-publish","hentry"],"_links":{"self":[{"href":"https:\/\/mediamarket-group.com\/index.php?rest_route=\/wp\/v2\/pages\/92","targetHints":{"allow":["GET"]}}],"collection":[{"href":"https:\/\/mediamarket-group.com\/index.php?rest_route=\/wp\/v2\/pages"}],"about":[{"href":"https:\/\/mediamarket-group.com\/index.php?rest_route=\/wp\/v2\/types\/page"}],"author":[{"embeddable":true,"href":"https:\/\/mediamarket-group.com\/index.php?rest_route=\/wp\/v2\/users\/1"}],"replies":[{"embeddable":true,"href":"https:\/\/mediamarket-group.com\/index.php?rest_route=%2Fwp%2Fv2%2Fcomments&post=92"}],"version-history":[{"count":5,"href":"https:\/\/mediamarket-group.com\/index.php?rest_route=\/wp\/v2\/pages\/92\/revisions"}],"predecessor-version":[{"id":234,"href":"https:\/\/mediamarket-group.com\/index.php?rest_route=\/wp\/v2\/pages\/92\/revisions\/234"}],"wp:attachment":[{"href":"https:\/\/mediamarket-group.com\/index.php?rest_route=%2Fwp%2Fv2%2Fmedia&parent=92"}],"curies":[{"name":"wp","href":"https:\/\/api.w.org\/{rel}","templated":true}]}}